{"id":101,"date":"2021-03-24T09:42:27","date_gmt":"2021-03-24T08:42:27","guid":{"rendered":"http:\/\/www.meliora-compliance.com\/?page_id=101"},"modified":"2023-09-25T16:49:20","modified_gmt":"2023-09-25T14:49:20","slug":"training","status":"publish","type":"page","link":"https:\/\/www.meliora-compliance.com\/czech\/training\/","title":{"rendered":"\u0160kolen\u00ed"},"content":{"rendered":"<div data-elementor-type=\"wp-page\" data-elementor-id=\"101\" class=\"elementor elementor-101\">\n\t\t\t\t\t\t\t\t\t<section class=\"elementor-section elementor-top-section elementor-element elementor-element-21f0918e elementor-section-height-min-height elementor-section-boxed elementor-section-height-default elementor-section-items-middle\" data-id=\"21f0918e\" data-element_type=\"section\" data-settings=\"{&quot;background_background&quot;:&quot;classic&quot;,&quot;shape_divider_bottom&quot;:&quot;triangle&quot;,&quot;shape_divider_bottom_negative&quot;:&quot;yes&quot;}\">\n\t\t\t\t\t<div class=\"elementor-shape elementor-shape-bottom\" data-negative=\"true\">\n\t\t\t<svg xmlns=\"http:\/\/www.w3.org\/2000\/svg\" viewbox=\"0 0 1000 100\" preserveaspectratio=\"none\">\n\t<path class=\"elementor-shape-fill\" d=\"M500.2,94.7L0,0v100h1000V0L500.2,94.7z\"\/>\n<\/svg>\t\t<\/div>\n\t\t\t\t\t<div class=\"elementor-container elementor-column-gap-default\">\n\t\t\t\t\t<div class=\"elementor-column elementor-col-50 elementor-top-column elementor-element elementor-element-7f5350a2\" data-id=\"7f5350a2\" data-element_type=\"column\">\n\t\t\t<div class=\"elementor-widget-wrap elementor-element-populated\">\n\t\t\t\t\t\t\t\t<div class=\"elementor-element elementor-element-59459188 elementor-widget__width-initial elementor-widget-tablet__width-initial elementor-widget elementor-widget-image\" data-id=\"59459188\" data-element_type=\"widget\" data-widget_type=\"image.default\">\n\t\t\t\t<div class=\"elementor-widget-container\">\n\t\t\t\t\t\t\t\t\t\t\t\t\t\t\t<img loading=\"lazy\" decoding=\"async\" width=\"300\" height=\"300\" src=\"https:\/\/www.meliora-compliance.com\/wp-content\/uploads\/2023\/08\/09_SKOLENI-300x300.png\" class=\"elementor-animation-push attachment-medium size-medium wp-image-823\" alt=\"\" srcset=\"https:\/\/www.meliora-compliance.com\/wp-content\/uploads\/2023\/08\/09_SKOLENI-300x300.png 300w, https:\/\/www.meliora-compliance.com\/wp-content\/uploads\/2023\/08\/09_SKOLENI-150x150.png 150w, https:\/\/www.meliora-compliance.com\/wp-content\/uploads\/2023\/08\/09_SKOLENI-12x12.png 12w, https:\/\/www.meliora-compliance.com\/wp-content\/uploads\/2023\/08\/09_SKOLENI.png 512w\" sizes=\"auto, (max-width: 300px) 100vw, 300px\" \/>\t\t\t\t\t\t\t\t\t\t\t\t\t\t\t<\/div>\n\t\t\t\t<\/div>\n\t\t\t\t\t<\/div>\n\t\t<\/div>\n\t\t\t\t<div class=\"elementor-column elementor-col-50 elementor-top-column elementor-element elementor-element-444bc1e8\" data-id=\"444bc1e8\" data-element_type=\"column\">\n\t\t\t<div class=\"elementor-widget-wrap elementor-element-populated\">\n\t\t\t\t\t\t\t\t<div class=\"elementor-element elementor-element-50b37a54 elementor-widget__width-initial elementor-widget elementor-widget-heading\" data-id=\"50b37a54\" data-element_type=\"widget\" data-widget_type=\"heading.default\">\n\t\t\t\t<div class=\"elementor-widget-container\">\n\t\t\t<h1 class=\"elementor-heading-title elementor-size-default\">\u0160kolen\u00ed<\/h1>\t\t<\/div>\n\t\t\t\t<\/div>\n\t\t\t\t\t<\/div>\n\t\t<\/div>\n\t\t\t\t\t\t\t<\/div>\n\t\t<\/section>\n\t\t\t\t<section class=\"elementor-section elementor-top-section elementor-element elementor-element-19b01fb6 elementor-section-boxed elementor-section-height-default elementor-section-height-default\" data-id=\"19b01fb6\" data-element_type=\"section\">\n\t\t\t\t\t\t<div class=\"elementor-container elementor-column-gap-default\">\n\t\t\t\t\t<div class=\"elementor-column elementor-col-100 elementor-top-column elementor-element elementor-element-5cef97e7\" data-id=\"5cef97e7\" data-element_type=\"column\">\n\t\t\t<div class=\"elementor-widget-wrap elementor-element-populated\">\n\t\t\t\t\t\t\t\t<div class=\"elementor-element elementor-element-1bc1e95e elementor-widget elementor-widget-heading\" data-id=\"1bc1e95e\" data-element_type=\"widget\" data-widget_type=\"heading.default\">\n\t\t\t\t<div class=\"elementor-widget-container\">\n\t\t\t<h3 class=\"elementor-heading-title elementor-size-default\">Pro\u010d \u0161kolen\u00ed?<\/h3>\t\t<\/div>\n\t\t\t\t<\/div>\n\t\t\t\t<div class=\"elementor-element elementor-element-6e239ecc elementor-widget elementor-widget-text-editor\" data-id=\"6e239ecc\" data-element_type=\"widget\" data-widget_type=\"text-editor.default\">\n\t\t\t\t<div class=\"elementor-widget-container\">\n\t\t\t\t\t\t\t<p><span style=\"font-weight: 400;\">Profesion\u00e1lov\u00e9 v oboru zdravotnick\u00fdch prost\u0159edk\u016f mus\u00ed b\u00fdt schopni porozum\u011bt a spr\u00e1vn\u011b implementovat regulatorn\u00ed po\u017eadavky tak, aby byla dodr\u017eena shoda.\nMeliora Compliance poskytuje \u0161kolen\u00ed v n\u011bkolika oblastech.<\/span><\/p><p><span style=\"font-weight: 400;\">Meliora Compliance poskytuje \u0161kolen\u00ed v n\u011bkolika oblastech umo\u017e\u0148uj\u00edc\u00edch zaveden\u00ed a \u00fadr\u017ebu efektivn\u00edho syst\u00e9mu jakosti, stejn\u011b jako \u00fasp\u011b\u0161n\u00e9 schv\u00e1len\u00ed zdravotnick\u00fdch prost\u0159edk\u016f pro sv\u011btov\u00e9 trhy.<\/span><\/p><p><span style=\"font-weight: 400;\">\u0160kolen\u00ed p\u0159iprav\u00edme tak, aby co nejl\u00e9pe vyhovovalo va\u0161\u00ed organizaci, p\u0159i\u010dem\u017e vezmeme v \u00favahu n\u00e1sleduj\u00edc\u00ed aspekty:<\/span><\/p>\t\t\t\t\t\t<\/div>\n\t\t\t\t<\/div>\n\t\t\t\t\t<\/div>\n\t\t<\/div>\n\t\t\t\t\t\t\t<\/div>\n\t\t<\/section>\n\t\t\t\t<section class=\"elementor-section elementor-top-section elementor-element elementor-element-34b22699 elementor-section-boxed elementor-section-height-default elementor-section-height-default\" data-id=\"34b22699\" data-element_type=\"section\" data-settings=\"{&quot;background_background&quot;:&quot;classic&quot;}\">\n\t\t\t\t\t\t<div class=\"elementor-container elementor-column-gap-default\">\n\t\t\t\t\t<div class=\"elementor-column elementor-col-100 elementor-top-column elementor-element elementor-element-60e7be46\" data-id=\"60e7be46\" data-element_type=\"column\">\n\t\t\t<div class=\"elementor-widget-wrap elementor-element-populated\">\n\t\t\t\t\t\t\t\t<div class=\"elementor-element elementor-element-315a7529 elementor-widget elementor-widget-text-editor\" data-id=\"315a7529\" data-element_type=\"widget\" data-widget_type=\"text-editor.default\">\n\t\t\t\t<div class=\"elementor-widget-container\">\n\t\t\t\t\t\t\t<ul><li><span style=\"font-weight: 400;\">Velikost va\u0161\u00ed firmy<\/span><\/li><li><span style=\"font-weight: 400;\">Va\u0161e produktov\u00e9 portfolio a aktu\u00e1ln\u00ed f\u00e1ze \u017eivotn\u00edho cyklu va\u0161ich v\u00fdrobk\u016f<\/span><\/li><li><span style=\"font-weight: 400;\">Stav va\u0161eho syst\u00e9mu jakosti<\/span><\/li><li><span style=\"font-weight: 400;\">Rozsah va\u0161ich hlavn\u00edch \u010dinnost\u00ed (v\u00fdroba, v\u00fdzkum a v\u00fdvoj, distribuce)<\/span><\/li><li><span style=\"font-weight: 400;\">Aktu\u00e1ln\u00ed dovednosti a zku\u0161enosti, stejn\u011b tak jako i pot\u0159eby \u010dlen\u016f va\u0161eho t\u00fdmu<\/span><\/li><li><span style=\"font-weight: 400;\">Va\u0161e obchodn\u00ed c\u00edle<\/span><\/li><\/ul><p><span style=\"font-weight: 400;\">\u00a0 \u00a0 \u00a0Rozsah na\u0161ich \u0161kol\u00edc\u00edch slu\u017eeb zahrnuje tyto regulatorn\u00ed po\u017eadavky:<\/span><\/p><ul><li><span style=\"font-weight: 400;\">Z\u00edsk\u00e1n\u00ed CE zna\u010dky podle EU MDR a IVDR<\/span><\/li><li><span style=\"font-weight: 400;\">Schv\u00e1len\u00ed v\u00fdrobk\u016f podle po\u017eadavk\u016f USA FDA<\/span><\/li><li><span style=\"font-weight: 400;\">Implementace a \u00fadr\u017eba syst\u00e9mu jakosti podle ISO 13485<\/span><\/li><li><span style=\"font-weight: 400;\">Implementace a \u00fadr\u017eba syst\u00e9mu jakosti podle americk\u00e9ho FDA QSR (21 CFR \u010d\u00e1st 820)<\/span><\/li><li><span style=\"font-weight: 400;\">Regulatorn\u00ed aspekty klinick\u00fdch zkou\u0161ek<\/span><\/li><li><span style=\"font-weight: 400;\">Regulatorn\u00ed aspekty designu a v\u00fdvoje<\/span><\/li><li><span style=\"font-weight: 400;\">MDSAP<\/span><\/li><\/ul>\t\t\t\t\t\t<\/div>\n\t\t\t\t<\/div>\n\t\t\t\t\t<\/div>\n\t\t<\/div>\n\t\t\t\t\t\t\t<\/div>\n\t\t<\/section>\n\t\t\t\t<section class=\"elementor-section elementor-top-section elementor-element elementor-element-fe7fc58 elementor-section-boxed elementor-section-height-default elementor-section-height-default\" data-id=\"fe7fc58\" data-element_type=\"section\" data-settings=\"{&quot;background_background&quot;:&quot;classic&quot;}\">\n\t\t\t\t\t\t<div class=\"elementor-container elementor-column-gap-default\">\n\t\t\t\t\t<div class=\"elementor-column elementor-col-100 elementor-top-column elementor-element elementor-element-31266969\" data-id=\"31266969\" data-element_type=\"column\">\n\t\t\t<div class=\"elementor-widget-wrap elementor-element-populated\">\n\t\t\t\t\t\t\t\t<div class=\"elementor-element elementor-element-2587009c elementor-widget elementor-widget-heading\" data-id=\"2587009c\" data-element_type=\"widget\" data-widget_type=\"heading.default\">\n\t\t\t\t<div class=\"elementor-widget-container\">\n\t\t\t<h2 class=\"elementor-heading-title elementor-size-medium\">Dotazy?<br>\nNapi\u0161te n\u00e1m!<\/h2>\t\t<\/div>\n\t\t\t\t<\/div>\n\t\t\t\t<div class=\"elementor-element elementor-element-10656e34 elementor-align-center elementor-widget elementor-widget-button\" data-id=\"10656e34\" data-element_type=\"widget\" data-widget_type=\"button.default\">\n\t\t\t\t<div class=\"elementor-widget-container\">\n\t\t\t\t\t<div class=\"elementor-button-wrapper\">\n\t\t\t<a class=\"elementor-button elementor-button-link elementor-size-md\" href=\"https:\/\/www.meliora-compliance.com\/czech\/contact-us\/\">\n\t\t\t\t\t\t<span class=\"elementor-button-content-wrapper\">\n\t\t\t\t\t\t<span class=\"elementor-button-icon elementor-align-icon-right\">\n\t\t\t\t<i aria-hidden=\"true\" class=\"fas fa-long-arrow-alt-right\"><\/i>\t\t\t<\/span>\n\t\t\t\t\t\t<span class=\"elementor-button-text\">Kontakt<\/span>\n\t\t<\/span>\n\t\t\t\t\t<\/a>\n\t\t<\/div>\n\t\t\t\t<\/div>\n\t\t\t\t<\/div>\n\t\t\t\t\t<\/div>\n\t\t<\/div>\n\t\t\t\t\t\t\t<\/div>\n\t\t<\/section>\n\t\t\t\t\t\t\t<\/div>","protected":false},"excerpt":{"rendered":"<p>Training Why training? Regulatory requirements have been constantly changing. Medical device industry professionals must be able to understand and properly implement the requirements so that compliance is maintained. Meliora Compliance provides training in several areas enabling the implementation and maintenance of efficient QMS, as well as successful placement of medical devices on the world markets. &#8230; <a title=\"\u0160kolen\u00ed\" class=\"read-more\" href=\"https:\/\/www.meliora-compliance.com\/czech\/training\/\" aria-label=\"V\u00edce na Training\">\u010c\u00edst d\u00e1l<\/a><\/p>","protected":false},"author":1,"featured_media":0,"parent":0,"menu_order":0,"comment_status":"closed","ping_status":"closed","template":"elementor_header_footer","meta":{"footnotes":""},"class_list":["post-101","page","type-page","status-publish"],"_links":{"self":[{"href":"https:\/\/www.meliora-compliance.com\/czech\/wp-json\/wp\/v2\/pages\/101","targetHints":{"allow":["GET"]}}],"collection":[{"href":"https:\/\/www.meliora-compliance.com\/czech\/wp-json\/wp\/v2\/pages"}],"about":[{"href":"https:\/\/www.meliora-compliance.com\/czech\/wp-json\/wp\/v2\/types\/page"}],"author":[{"embeddable":true,"href":"https:\/\/www.meliora-compliance.com\/czech\/wp-json\/wp\/v2\/users\/1"}],"replies":[{"embeddable":true,"href":"https:\/\/www.meliora-compliance.com\/czech\/wp-json\/wp\/v2\/comments?post=101"}],"version-history":[{"count":62,"href":"https:\/\/www.meliora-compliance.com\/czech\/wp-json\/wp\/v2\/pages\/101\/revisions"}],"predecessor-version":[{"id":1490,"href":"https:\/\/www.meliora-compliance.com\/czech\/wp-json\/wp\/v2\/pages\/101\/revisions\/1490"}],"wp:attachment":[{"href":"https:\/\/www.meliora-compliance.com\/czech\/wp-json\/wp\/v2\/media?parent=101"}],"curies":[{"name":"wp","href":"https:\/\/api.w.org\/{rel}","templated":true}]}}