{"id":107,"date":"2021-03-24T09:43:13","date_gmt":"2021-03-24T08:43:13","guid":{"rendered":"http:\/\/www.meliora-compliance.com\/?page_id=107"},"modified":"2023-09-25T15:37:19","modified_gmt":"2023-09-25T13:37:19","slug":"about-us","status":"publish","type":"page","link":"https:\/\/www.meliora-compliance.com\/czech\/about-us\/","title":{"rendered":"Kdo jsme"},"content":{"rendered":"<div data-elementor-type=\"wp-page\" data-elementor-id=\"107\" class=\"elementor elementor-107\">\n\t\t\t\t\t\t\t\t\t<section class=\"elementor-section elementor-top-section elementor-element elementor-element-7dbdb577 elementor-section-height-min-height elementor-section-boxed elementor-section-height-default elementor-section-items-middle\" data-id=\"7dbdb577\" data-element_type=\"section\" data-settings=\"{&quot;background_background&quot;:&quot;classic&quot;}\">\n\t\t\t\t\t\t\t<div class=\"elementor-background-overlay\"><\/div>\n\t\t\t\t\t\t\t<div class=\"elementor-container elementor-column-gap-default\">\n\t\t\t\t\t<div class=\"elementor-column elementor-col-100 elementor-top-column elementor-element elementor-element-431367ad\" data-id=\"431367ad\" data-element_type=\"column\">\n\t\t\t<div class=\"elementor-widget-wrap elementor-element-populated\">\n\t\t\t\t\t\t\t\t<div class=\"elementor-element elementor-element-4cdc2042 elementor-widget elementor-widget-heading\" data-id=\"4cdc2042\" data-element_type=\"widget\" data-widget_type=\"heading.default\">\n\t\t\t\t<div class=\"elementor-widget-container\">\n\t\t\t<h1 class=\"elementor-heading-title elementor-size-default\">Meliora Compliance <br>Regulatorn\u00ed a QMS poradenstv\u00ed<\/h1>\t\t<\/div>\n\t\t\t\t<\/div>\n\t\t\t\t\t<\/div>\n\t\t<\/div>\n\t\t\t\t\t\t\t<\/div>\n\t\t<\/section>\n\t\t\t\t<section class=\"elementor-section elementor-top-section elementor-element elementor-element-4bd418b elementor-section-height-min-height elementor-section-boxed elementor-section-height-default elementor-section-items-middle\" data-id=\"4bd418b\" data-element_type=\"section\">\n\t\t\t\t\t\t\t<div class=\"elementor-background-overlay\"><\/div>\n\t\t\t\t\t\t\t<div class=\"elementor-container elementor-column-gap-default\">\n\t\t\t\t\t<div class=\"elementor-column elementor-col-100 elementor-top-column elementor-element elementor-element-6caf9d27\" data-id=\"6caf9d27\" data-element_type=\"column\">\n\t\t\t<div class=\"elementor-widget-wrap elementor-element-populated\">\n\t\t\t\t\t\t\t\t<div class=\"elementor-element elementor-element-7f4ec97b elementor-widget elementor-widget-text-editor\" data-id=\"7f4ec97b\" data-element_type=\"widget\" data-widget_type=\"text-editor.default\">\n\t\t\t\t<div class=\"elementor-widget-container\">\n\t\t\t\t\t\t\t<p><b>Posl\u00e1n\u00edm spole\u010dnosti Meliora Compliance je podpora z\u00e1kazn\u00edk\u016f v oblasti regulatorn\u00edch po\u017eadavk\u016f a syst\u00e9m\u016f \u0159\u00edzen\u00ed kvality v oboru zdravotnick\u00fdch prost\u0159edk\u016f. Na\u0161e podpora je ur\u010dena n\u00e1vrh\u00e1\u0159\u016fm, v\u00fdrobc\u016fm a dal\u0161\u00edm hospod\u00e1\u0159sk\u00fdm subjekt\u016fm b\u011bhem cel\u00e9ho \u017eivotn\u00edho cyklu jejich produktu.<\/b><\/p><p><span style=\"font-weight: 400;\">Vyu\u017e\u00edv\u00e1me na\u0161e rozs\u00e1hl\u00e9 znalosti a v\u00edce ne\u017e 25 let zku\u0161enost\u00ed k tomu, abychom na\u0161im klient\u016fm pomohli navigovat od po\u010d\u00e1te\u010dn\u00edho n\u00e1vrhu a v\u00fdvoje a\u017e po distribuci za\u0159\u00edzen\u00ed a aktivity sledov\u00e1n\u00ed na trhu po uveden\u00ed na trh, s hlavn\u00edm zam\u011b\u0159en\u00edm na trhy EU a USA.<\/span><\/p><p><span style=\"font-weight: 400;\">Na\u0161imi z\u00e1kazn\u00edky jsou mal\u00e9 za\u010d\u00ednaj\u00edc\u00ed spole\u010dnosti i velc\u00ed zaveden\u00ed v\u00fdrobci a distributo\u0159i.<\/span><\/p><p><span style=\"font-weight: 400;\">N\u00e1\u0161 p\u0159\u00edstup je v\u017edy praktick\u00fd, a z\u00e1rove\u0148 se za ka\u017ed\u00fdch okolnost\u00ed  zam\u011b\u0159ujeme na bezpe\u010dnost pacient\u016f, efektivn\u00ed syst\u00e9m \u0159\u00edzen\u00ed kvality, nejrychlej\u0161\u00ed cestu prost\u0159edku na trh a spr\u00e1vnou rovnov\u00e1hu mezi obchodn\u00edmi pot\u0159ebami z\u00e1kazn\u00edk\u016f a platn\u00fdmi regula\u010dn\u00edmi po\u017eadavky.<\/span><\/p><p><span style=\"font-weight: 400;\">Pokud chcete vyhov\u011bt nejnov\u011bj\u0161\u00edm regulatorn\u00edm po\u017eadavk\u016fm na zdravotnick\u00e9 prost\u0159edky, nebo zav\u00e9st efektivn\u00ed syst\u00e9m \u0159\u00edzen\u00ed kvality, kontaktujte n\u00e1s. Zanalyzujeme va\u0161i popt\u00e1vku a poskytneme v\u00e1m efektivn\u00ed nab\u00eddku pro v\u00e1\u0161 projekt.\u00a0<\/span><\/p>\t\t\t\t\t\t<\/div>\n\t\t\t\t<\/div>\n\t\t\t\t\t<\/div>\n\t\t<\/div>\n\t\t\t\t\t\t\t<\/div>\n\t\t<\/section>\n\t\t\t\t<section class=\"elementor-section elementor-top-section elementor-element elementor-element-31f95f62 elementor-reverse-tablet elementor-reverse-mobile elementor-section-boxed elementor-section-height-default elementor-section-height-default\" data-id=\"31f95f62\" data-element_type=\"section\">\n\t\t\t\t\t\t<div class=\"elementor-container elementor-column-gap-default\">\n\t\t\t\t\t<div class=\"elementor-column elementor-col-50 elementor-top-column elementor-element elementor-element-674e3811\" data-id=\"674e3811\" data-element_type=\"column\" data-settings=\"{&quot;background_background&quot;:&quot;classic&quot;}\">\n\t\t\t<div class=\"elementor-widget-wrap elementor-element-populated\">\n\t\t\t\t\t<div class=\"elementor-background-overlay\"><\/div>\n\t\t\t\t\t\t\t\t<div class=\"elementor-element elementor-element-5619e914 elementor-cta--skin-cover elementor-bg-transform elementor-bg-transform-zoom-in elementor-widget elementor-widget-call-to-action\" data-id=\"5619e914\" data-element_type=\"widget\" data-widget_type=\"call-to-action.default\">\n\t\t\t\t<div class=\"elementor-widget-container\">\n\t\t\t\t\t<div class=\"elementor-cta\">\n\t\t\t\t\t<div class=\"elementor-cta__bg-wrapper\">\n\t\t\t\t<div class=\"elementor-cta__bg elementor-bg\" style=\"background-image: url(https:\/\/www.meliora-compliance.com\/wp-content\/uploads\/2023\/08\/Foto_c.1-683x1024.jpg);\"><\/div>\n\t\t\t\t<div class=\"elementor-cta__bg-overlay\"><\/div>\n\t\t\t<\/div>\n\t\t\t\t\t\t\t<div class=\"elementor-cta__content\">\n\t\t\t\t\n\t\t\t\t<h2 class=\"elementor-cta__title elementor-cta__content-item elementor-content-item\"> <\/h2>\n\t\t\t\t\n\t\t\t\t\t\t\t<\/div>\n\t\t\t\t\t\t<\/div>\n\t\t\t\t<\/div>\n\t\t\t\t<\/div>\n\t\t\t\t\t<\/div>\n\t\t<\/div>\n\t\t\t\t<div class=\"elementor-column elementor-col-50 elementor-top-column elementor-element elementor-element-6a54b32e\" data-id=\"6a54b32e\" data-element_type=\"column\">\n\t\t\t<div class=\"elementor-widget-wrap elementor-element-populated\">\n\t\t\t\t\t\t\t\t<div class=\"elementor-element elementor-element-6c96fdb7 elementor-widget elementor-widget-heading\" data-id=\"6c96fdb7\" data-element_type=\"widget\" data-widget_type=\"heading.default\">\n\t\t\t\t<div class=\"elementor-widget-container\">\n\t\t\t<h4 class=\"elementor-heading-title elementor-size-default\">Zakladatel a hlavn\u00ed konzultant<\/h4>\t\t<\/div>\n\t\t\t\t<\/div>\n\t\t\t\t<div class=\"elementor-element elementor-element-1bd58519 elementor-widget elementor-widget-heading\" data-id=\"1bd58519\" data-element_type=\"widget\" data-widget_type=\"heading.default\">\n\t\t\t\t<div class=\"elementor-widget-container\">\n\t\t\t<h4 class=\"elementor-heading-title elementor-size-default\">Jan Klobou\u010dn\u00edk <\/h4>\t\t<\/div>\n\t\t\t\t<\/div>\n\t\t\t\t<div class=\"elementor-element elementor-element-4962816 elementor-tabs-view-horizontal elementor-widget elementor-widget-tabs\" data-id=\"4962816\" data-element_type=\"widget\" data-widget_type=\"tabs.default\">\n\t\t\t\t<div class=\"elementor-widget-container\">\n\t\t\t\t\t<div class=\"elementor-tabs\">\n\t\t\t<div class=\"elementor-tabs-wrapper\" role=\"tablist\" >\n\t\t\t\t\t\t\t\t\t<div id=\"elementor-tab-title-7691\" class=\"elementor-tab-title elementor-tab-desktop-title\" aria-selected=\"true\" data-tab=\"1\" role=\"tab\" tabindex=\"0\" aria-controls=\"elementor-tab-content-7691\" aria-expanded=\"false\">P\u0159edstaven\u00ed<\/div>\n\t\t\t\t\t\t\t\t\t<div id=\"elementor-tab-title-7692\" class=\"elementor-tab-title elementor-tab-desktop-title\" aria-selected=\"false\" data-tab=\"2\" role=\"tab\" tabindex=\"-1\" aria-controls=\"elementor-tab-content-7692\" aria-expanded=\"false\">Podrobn\u00e9 informace<\/div>\n\t\t\t\t\t\t\t<\/div>\n\t\t\t<div class=\"elementor-tabs-content-wrapper\" role=\"tablist\" aria-orientation=\"vertical\">\n\t\t\t\t\t\t\t\t\t<div class=\"elementor-tab-title elementor-tab-mobile-title\" aria-selected=\"true\" data-tab=\"1\" role=\"tab\" tabindex=\"0\" aria-controls=\"elementor-tab-content-7691\" aria-expanded=\"false\">P\u0159edstaven\u00ed<\/div>\n\t\t\t\t\t<div id=\"elementor-tab-content-7691\" class=\"elementor-tab-content elementor-clearfix\" data-tab=\"1\" role=\"tabpanel\" aria-labelledby=\"elementor-tab-title-7691\" tabindex=\"0\" hidden=\"false\"><p><span style=\"font-weight: 400;\">Jan Kloboucnik je zakladatel a hlavn\u00ed konzultant spole\u010dnosti Meliora Compliance. <\/span><b>V oboru zdravotnick\u00fdch prost\u0159edk\u016f p\u016fsob\u00ed od roku 1996.<\/b><\/p><\/div>\n\t\t\t\t\t\t\t\t\t<div class=\"elementor-tab-title elementor-tab-mobile-title\" aria-selected=\"false\" data-tab=\"2\" role=\"tab\" tabindex=\"-1\" aria-controls=\"elementor-tab-content-7692\" aria-expanded=\"false\">Podrobn\u00e9 informace<\/div>\n\t\t\t\t\t<div id=\"elementor-tab-content-7692\" class=\"elementor-tab-content elementor-clearfix\" data-tab=\"2\" role=\"tabpanel\" aria-labelledby=\"elementor-tab-title-7692\" tabindex=\"0\" hidden=\"hidden\"><p><span style=\"font-weight: 400;\">P\u0159ed zalo\u017een\u00edm firmy Meliora Compliance pracoval\nJan na r\u016fzn\u00fdch pozic\u00edch v oblasti syst\u00e9m\u016f \/ kontroly \/ zaji\u0161t\u011bn\u00ed kvality a regulatorn\u00edch z\u00e1le\u017eitost\u00ed v\nmal\u00fdch i velk\u00fdch spole\u010dnostech zab\u00fdvaj\u00edc\u00edch se v\u00fdvojem a v\u00fdrobou zdravotnick\u00fdch prost\u0159edk\u016f: Arrow\nInternational \/ Teleflex, Contract Medical International a Heraeus Medical Components. Jan m\u00e1\ndlouhou historii spolupr\u00e1ce s v\u00fdvojov\u00fdmi, v\u00fdrobn\u00edmi a klinick\u00fdmi t\u00fdmy, distributory, vyn\u00e1lezci,\ncertifika\u010dn\u00edmi a notifikovan\u00fdmi org\u00e1ny EU, p\u0159\u00edslu\u0161n\u00fdmi org\u00e1ny a americk\u00fdm \u00fa\u0159adem FDA pro \u0161irokou\n\u0161k\u00e1lu v\u00fdrobkov\u00fdch technologi\u00ed a indikac\u00ed v n\u00e1sleduj\u00edc\u00edch produtov\u00fdch oblastech: kardiovaskul\u00e1rn\u00ed,\nendovaskul\u00e1rn\u00ed, onkologie, elektrofyziologie, endoskopie, neurochirurgie, gastrointestin\u00e1ln\u00ed,\nrespira\u010dn\u00ed, urologick\u00e1 a kosmetick\u00e1 chirurgie. Jan vedl regulatorn\u00ed t\u00fdmy, jejich\u017e pr\u00e1ce vy\u00fastila v z\u00edsk\u00e1n\u00ed\nmnoha schv\u00e1len\u00ed a povolen\u00ed v EU, USA i jin\u00fdch zem\u00edch, a umo\u017enila tak \u00fasp\u011b\u0161n\u00e9 uveden\u00ed mnoha\nzdravotnick\u00fdch prost\u0159edk\u016f na trh na cel\u00e9m sv\u011bt\u011b, v\u010detn\u011b nov\u00fdch a vysoce inovativn\u00edch produkt\u016f.<\/span><\/p><\/div>\n\t\t\t\t\t\t\t<\/div>\n\t\t<\/div>\n\t\t\t\t<\/div>\n\t\t\t\t<\/div>\n\t\t\t\t\t<\/div>\n\t\t<\/div>\n\t\t\t\t\t\t\t<\/div>\n\t\t<\/section>\n\t\t\t\t<section class=\"elementor-section elementor-top-section elementor-element elementor-element-1c83fb27 elementor-section-boxed elementor-section-height-default elementor-section-height-default\" data-id=\"1c83fb27\" data-element_type=\"section\" data-settings=\"{&quot;background_background&quot;:&quot;classic&quot;}\">\n\t\t\t\t\t\t<div class=\"elementor-container elementor-column-gap-default\">\n\t\t\t\t\t<div class=\"elementor-column elementor-col-100 elementor-top-column elementor-element elementor-element-24ca140e\" data-id=\"24ca140e\" data-element_type=\"column\">\n\t\t\t<div class=\"elementor-widget-wrap elementor-element-populated\">\n\t\t\t\t\t\t\t\t<div class=\"elementor-element elementor-element-142ae312 elementor-widget elementor-widget-heading\" data-id=\"142ae312\" data-element_type=\"widget\" data-widget_type=\"heading.default\">\n\t\t\t\t<div class=\"elementor-widget-container\">\n\t\t\t<h2 class=\"elementor-heading-title elementor-size-medium\">Dotazy?<br>\nNapi\u0161te n\u00e1m!<\/h2>\t\t<\/div>\n\t\t\t\t<\/div>\n\t\t\t\t<div class=\"elementor-element elementor-element-75cdd0f0 elementor-align-center elementor-widget elementor-widget-button\" data-id=\"75cdd0f0\" data-element_type=\"widget\" data-widget_type=\"button.default\">\n\t\t\t\t<div class=\"elementor-widget-container\">\n\t\t\t\t\t<div class=\"elementor-button-wrapper\">\n\t\t\t<a class=\"elementor-button elementor-button-link elementor-size-md\" href=\"https:\/\/www.meliora-compliance.com\/czech\/contact-us\/\">\n\t\t\t\t\t\t<span class=\"elementor-button-content-wrapper\">\n\t\t\t\t\t\t<span class=\"elementor-button-icon elementor-align-icon-right\">\n\t\t\t\t<i aria-hidden=\"true\" class=\"fas fa-long-arrow-alt-right\"><\/i>\t\t\t<\/span>\n\t\t\t\t\t\t<span class=\"elementor-button-text\">Kontakt<\/span>\n\t\t<\/span>\n\t\t\t\t\t<\/a>\n\t\t<\/div>\n\t\t\t\t<\/div>\n\t\t\t\t<\/div>\n\t\t\t\t\t<\/div>\n\t\t<\/div>\n\t\t\t\t\t\t\t<\/div>\n\t\t<\/section>\n\t\t\t\t\t\t\t<\/div>","protected":false},"excerpt":{"rendered":"<p>Meliora Compliance Regulatory and QMS consulting The mission of Meliora Compliance is to provide regulatory and quality management system support to medical device designers, manufacturers and other economic operators throughout the entire product life cycle. We use our broad knowledge and more than 25 years of experience to navigate our clients from the early design &#8230; <a title=\"Kdo jsme\" class=\"read-more\" href=\"https:\/\/www.meliora-compliance.com\/czech\/about-us\/\" aria-label=\"V\u00edce na About us\">\u010c\u00edst d\u00e1l<\/a><\/p>","protected":false},"author":1,"featured_media":0,"parent":0,"menu_order":0,"comment_status":"closed","ping_status":"closed","template":"elementor_header_footer","meta":{"footnotes":""},"class_list":["post-107","page","type-page","status-publish"],"_links":{"self":[{"href":"https:\/\/www.meliora-compliance.com\/czech\/wp-json\/wp\/v2\/pages\/107","targetHints":{"allow":["GET"]}}],"collection":[{"href":"https:\/\/www.meliora-compliance.com\/czech\/wp-json\/wp\/v2\/pages"}],"about":[{"href":"https:\/\/www.meliora-compliance.com\/czech\/wp-json\/wp\/v2\/types\/page"}],"author":[{"embeddable":true,"href":"https:\/\/www.meliora-compliance.com\/czech\/wp-json\/wp\/v2\/users\/1"}],"replies":[{"embeddable":true,"href":"https:\/\/www.meliora-compliance.com\/czech\/wp-json\/wp\/v2\/comments?post=107"}],"version-history":[{"count":101,"href":"https:\/\/www.meliora-compliance.com\/czech\/wp-json\/wp\/v2\/pages\/107\/revisions"}],"predecessor-version":[{"id":1474,"href":"https:\/\/www.meliora-compliance.com\/czech\/wp-json\/wp\/v2\/pages\/107\/revisions\/1474"}],"wp:attachment":[{"href":"https:\/\/www.meliora-compliance.com\/czech\/wp-json\/wp\/v2\/media?parent=107"}],"curies":[{"name":"wp","href":"https:\/\/api.w.org\/{rel}","templated":true}]}}